{"id":212,"date":"2024-10-23T21:08:51","date_gmt":"2024-10-23T21:08:51","guid":{"rendered":"https:\/\/djkosmic.no\/index.php\/event-2\/"},"modified":"2024-10-30T12:19:25","modified_gmt":"2024-10-30T12:19:25","slug":"event-2","status":"publish","type":"page","link":"https:\/\/djkosmic.no\/index.php\/event-2\/","title":{"rendered":"Firmafest"},"content":{"rendered":"\t\t<div data-elementor-type=\"wp-page\" data-elementor-id=\"212\" class=\"elementor elementor-212\" data-elementor-post-type=\"page\">\n\t\t\t\t\t\t<section class=\"elementor-section elementor-top-section elementor-element elementor-element-31d276ee elementor-section-boxed elementor-section-height-default elementor-section-height-default\" data-id=\"31d276ee\" data-element_type=\"section\" data-e-type=\"section\" data-settings=\"{&quot;background_background&quot;:&quot;classic&quot;}\">\n\t\t\t\t\t\t\t<div class=\"elementor-background-overlay\"><\/div>\n\t\t\t\t\t\t\t<div class=\"elementor-container elementor-column-gap-default\">\n\t\t\t\t\t<div class=\"elementor-column elementor-col-100 elementor-top-column elementor-element elementor-element-124de1df\" data-id=\"124de1df\" data-element_type=\"column\" data-e-type=\"column\">\n\t\t\t<div class=\"elementor-widget-wrap elementor-element-populated\">\n\t\t\t\t\t\t<div class=\"elementor-element elementor-element-2cda0bd5 elementor-widget elementor-widget-heading\" data-id=\"2cda0bd5\" data-element_type=\"widget\" data-e-type=\"widget\" data-widget_type=\"heading.default\">\n\t\t\t\t<div class=\"elementor-widget-container\">\n\t\t\t\t\t<h1 class=\"elementor-heading-title elementor-size-default\">Firmafest<\/h1>\t\t\t\t<\/div>\n\t\t\t\t<\/div>\n\t\t\t\t<div class=\"elementor-element elementor-element-1d39d53b elementor-widget elementor-widget-heading\" data-id=\"1d39d53b\" data-element_type=\"widget\" data-e-type=\"widget\" data-widget_type=\"heading.default\">\n\t\t\t\t<div class=\"elementor-widget-container\">\n\t\t\t\t\t<h3 class=\"elementor-heading-title elementor-size-default\">Skap en uforglemmelig stemning med musikk som engasjerer \u2013 \nog f\u00e5 kollegaene dine ut p\u00e5 dansegulvet!<\/h3>\t\t\t\t<\/div>\n\t\t\t\t<\/div>\n\t\t\t\t\t<\/div>\n\t\t<\/div>\n\t\t\t\t\t<\/div>\n\t\t<\/section>\n\t\t<div class=\"elementor-element elementor-element-abc1114 e-flex e-con-boxed e-con e-parent\" data-id=\"abc1114\" data-element_type=\"container\" data-e-type=\"container\">\n\t\t\t\t\t<div class=\"e-con-inner\">\n\t\t\t\t<div class=\"elementor-element elementor-element-1dbb97d elementor-widget elementor-widget-elementskit-accordion\" data-id=\"1dbb97d\" data-element_type=\"widget\" data-e-type=\"widget\" data-widget_type=\"elementskit-accordion.default\">\n\t\t\t\t<div class=\"elementor-widget-container\">\n\t\t\t\t\t<div class=\"ekit-wid-con\" >\n        <div class=\"elementskit-accordion accoedion-primary\" id=\"accordion-69e21166e575f\">\n\n            \n                <div class=\"elementskit-card active\">\n                    <div class=\"elementskit-card-header\" id=\"primaryHeading-0-1dbb97d\">\n                        <a href=\"#collapse-972f22469e21166e575f\" class=\"ekit-accordion--toggler elementskit-btn-link collapsed\" data-ekit-toggle=\"collapse\" data-target=\"#Collapse-972f22469e21166e575f\" aria-expanded=\"true\" aria-controls=\"Collapse-972f22469e21166e575f\">\n                            \n                            <span class=\"ekit-accordion-title\">Innledende planlegging<\/span>\n\n                            \n                                <div class=\"ekit_accordion_icon_group\">\n                                    <div class=\"ekit_accordion_normal_icon\">\n                                        <!-- Normal Icon -->\n\t\t\t\t\t\t\t\t\t\t<i class=\"icon icon-down-arrow1\"><\/i>                                    <\/div>\n\n                                    <div class=\"ekit_accordion_active_icon\">\n                                        <!-- Active Icon -->\n\t\t\t\t\t\t\t\t\t\t<i class=\"icon icon-up-arrow\"><\/i>                                    <\/div>\n                                <\/div>\n\n                            \n                                                    <\/a>\n                    <\/div>\n\n                    <div id=\"Collapse-972f22469e21166e575f\" class=\" show collapse\" aria-labelledby=\"primaryHeading-0-1dbb97d\" data-parent=\"#accordion-69e21166e575f\">\n\n                        <div class=\"elementskit-card-body ekit-accordion--content\">\n                            <p class=\"p1\"><b>Jeg presenterer musikkvalg som passer for deres event og kartlegger behovene, inkludert \u00f8nsket stemning og aldersspredning blant deltakerne.<\/b><\/p>                        <\/div>\n\n                    <\/div>\n\n                <\/div><!-- .elementskit-card END -->\n\n                \n                <div class=\"elementskit-card \">\n                    <div class=\"elementskit-card-header\" id=\"primaryHeading-1-1dbb97d\">\n                        <a href=\"#collapse-d6feb4569e21166e575f\" class=\"ekit-accordion--toggler elementskit-btn-link collapsed\" data-ekit-toggle=\"collapse\" data-target=\"#Collapse-d6feb4569e21166e575f\" aria-expanded=\"false\" aria-controls=\"Collapse-d6feb4569e21166e575f\">\n                            \n                            <span class=\"ekit-accordion-title\">Kontakt med arrang\u00f8r (lokaler) <\/span>\n\n                            \n                                <div class=\"ekit_accordion_icon_group\">\n                                    <div class=\"ekit_accordion_normal_icon\">\n                                        <!-- Normal Icon -->\n\t\t\t\t\t\t\t\t\t\t<i class=\"icon icon-down-arrow1\"><\/i>                                    <\/div>\n\n                                    <div class=\"ekit_accordion_active_icon\">\n                                        <!-- Active Icon -->\n\t\t\t\t\t\t\t\t\t\t<i class=\"icon icon-up-arrow\"><\/i>                                    <\/div>\n                                <\/div>\n\n                            \n                                                    <\/a>\n                    <\/div>\n\n                    <div id=\"Collapse-d6feb4569e21166e575f\" class=\" collapse\" aria-labelledby=\"primaryHeading-1-1dbb97d\" data-parent=\"#accordion-69e21166e575f\">\n\n                        <div class=\"elementskit-card-body ekit-accordion--content\">\n                            <p class=\"p1\"><b>Vi tar kontakt med lokalet der firmafesten skal holdes for \u00e5 sikre at alt n\u00f8dvendig PA-anlegg og utstyr er tilgjengelig. Vi vurderer rommet og planlegger plasseringen av DJ-utstyret for optimal lyd. Samtidig avklarer vi hvilke effekter, som r\u00f8ykmaskiner, som er tillatt, slik at vi kan skape den beste opplevelsen innenfor lokalets retningslinjer.<\/b><\/p>                        <\/div>\n\n                    <\/div>\n\n                <\/div><!-- .elementskit-card END -->\n\n                \n                <div class=\"elementskit-card \">\n                    <div class=\"elementskit-card-header\" id=\"primaryHeading-2-1dbb97d\">\n                        <a href=\"#collapse-c28b7e269e21166e575f\" class=\"ekit-accordion--toggler elementskit-btn-link collapsed\" data-ekit-toggle=\"collapse\" data-target=\"#Collapse-c28b7e269e21166e575f\" aria-expanded=\"false\" aria-controls=\"Collapse-c28b7e269e21166e575f\">\n                            \n                            <span class=\"ekit-accordion-title\">Lyd- og lysplanlegging<\/span>\n\n                            \n                                <div class=\"ekit_accordion_icon_group\">\n                                    <div class=\"ekit_accordion_normal_icon\">\n                                        <!-- Normal Icon -->\n\t\t\t\t\t\t\t\t\t\t<i class=\"icon icon-down-arrow1\"><\/i>                                    <\/div>\n\n                                    <div class=\"ekit_accordion_active_icon\">\n                                        <!-- Active Icon -->\n\t\t\t\t\t\t\t\t\t\t<i class=\"icon icon-up-arrow\"><\/i>                                    <\/div>\n                                <\/div>\n\n                            \n                                                    <\/a>\n                    <\/div>\n\n                    <div id=\"Collapse-c28b7e269e21166e575f\" class=\" collapse\" aria-labelledby=\"primaryHeading-2-1dbb97d\" data-parent=\"#accordion-69e21166e575f\">\n\n                        <div class=\"elementskit-card-body ekit-accordion--content\">\n                            <p class=\"p1\"><strong>Vi s\u00f8rger for at dere har oversikt over lokalet, og vurder hva som trengs av lyd og lys for \u00e5 fylle rommet.\u00a0<\/strong><\/p><p class=\"p2\"><strong>\u00a0Avklar om du skal levere PA-anlegg og lysutstyr eller om det finnes noe p\u00e5 stedet. Vi planlegg tid for rigging og test av utstyr i forkant.<\/strong><\/p>                        <\/div>\n\n                    <\/div>\n\n                <\/div><!-- .elementskit-card END -->\n\n                \n                <div class=\"elementskit-card \">\n                    <div class=\"elementskit-card-header\" id=\"primaryHeading-3-1dbb97d\">\n                        <a href=\"#collapse-761fa5e69e21166e575f\" class=\"ekit-accordion--toggler elementskit-btn-link collapsed\" data-ekit-toggle=\"collapse\" data-target=\"#Collapse-761fa5e69e21166e575f\" aria-expanded=\"false\" aria-controls=\"Collapse-761fa5e69e21166e575f\">\n                            \n                            <span class=\"ekit-accordion-title\">Forberedelse av spillelister (eks.)<\/span>\n\n                            \n                                <div class=\"ekit_accordion_icon_group\">\n                                    <div class=\"ekit_accordion_normal_icon\">\n                                        <!-- Normal Icon -->\n\t\t\t\t\t\t\t\t\t\t<i class=\"icon icon-down-arrow1\"><\/i>                                    <\/div>\n\n                                    <div class=\"ekit_accordion_active_icon\">\n                                        <!-- Active Icon -->\n\t\t\t\t\t\t\t\t\t\t<i class=\"icon icon-up-arrow\"><\/i>                                    <\/div>\n                                <\/div>\n\n                            \n                                                    <\/a>\n                    <\/div>\n\n                    <div id=\"Collapse-761fa5e69e21166e575f\" class=\" collapse\" aria-labelledby=\"primaryHeading-3-1dbb97d\" data-parent=\"#accordion-69e21166e575f\">\n\n                        <div class=\"elementskit-card-body ekit-accordion--content\">\n                            <p class=\"p1\"><strong>Middag: Lavm\u00e6lt og avslappende musikk som skaper en behagelig atmosf\u00e6re.<\/strong><\/p><p class=\"p2\"><strong>Fest: Energifull dansemusikk som passer til publikummet og firmafesten\u00a0 preferanser.<\/strong><\/p>                        <\/div>\n\n                    <\/div>\n\n                <\/div><!-- .elementskit-card END -->\n\n                \n                <div class=\"elementskit-card \">\n                    <div class=\"elementskit-card-header\" id=\"primaryHeading-4-1dbb97d\">\n                        <a href=\"#collapse-3efebd169e21166e575f\" class=\"ekit-accordion--toggler elementskit-btn-link collapsed\" data-ekit-toggle=\"collapse\" data-target=\"#Collapse-3efebd169e21166e575f\" aria-expanded=\"false\" aria-controls=\"Collapse-3efebd169e21166e575f\">\n                            \n                            <span class=\"ekit-accordion-title\">P\u00e5 firmafesten\u2013 Rigging og  spilling<\/span>\n\n                            \n                                <div class=\"ekit_accordion_icon_group\">\n                                    <div class=\"ekit_accordion_normal_icon\">\n                                        <!-- Normal Icon -->\n\t\t\t\t\t\t\t\t\t\t<i class=\"icon icon-down-arrow1\"><\/i>                                    <\/div>\n\n                                    <div class=\"ekit_accordion_active_icon\">\n                                        <!-- Active Icon -->\n\t\t\t\t\t\t\t\t\t\t<i class=\"icon icon-up-arrow\"><\/i>                                    <\/div>\n                                <\/div>\n\n                            \n                                                    <\/a>\n                    <\/div>\n\n                    <div id=\"Collapse-3efebd169e21166e575f\" class=\" collapse\" aria-labelledby=\"primaryHeading-4-1dbb97d\" data-parent=\"#accordion-69e21166e575f\">\n\n                        <div class=\"elementskit-card-body ekit-accordion--content\">\n                            <p class=\"p1\"><b>P\u00e5 selve dagen rigges alt utstyr f\u00f8r middagen, slik at alt er grundig testet f\u00f8r gjestene g\u00e5r til bords. Det vil ogs\u00e5 v\u00e6re\u00a0 mulig \u00e5 komme med noen musikk \u00f8nsker<\/b><\/p>                        <\/div>\n\n                    <\/div>\n\n                <\/div><!-- .elementskit-card END -->\n\n                                        <\/div>\n    <\/div>\t\t\t\t<\/div>\n\t\t\t\t<\/div>\n\t\t\t\t\t<\/div>\n\t\t\t\t<\/div>\n\t\t<div class=\"elementor-element elementor-element-2879b20 e-grid e-con-boxed e-con e-parent\" data-id=\"2879b20\" data-element_type=\"container\" data-e-type=\"container\">\n\t\t\t\t\t<div class=\"e-con-inner\">\n\t\t\t\t<div class=\"elementor-element elementor-element-af21a6d elementor-align-center elementor-widget elementor-widget-button\" data-id=\"af21a6d\" data-element_type=\"widget\" data-e-type=\"widget\" data-widget_type=\"button.default\">\n\t\t\t\t<div class=\"elementor-widget-container\">\n\t\t\t\t\t\t\t\t\t<div class=\"elementor-button-wrapper\">\n\t\t\t\t\t<a class=\"elementor-button elementor-button-link elementor-size-sm elementor-animation-pulse\" href=\"https:\/\/djkosmic.no\/index.php\/contact\/\">\n\t\t\t\t\t\t<span class=\"elementor-button-content-wrapper\">\n\t\t\t\t\t\t\t\t\t<span class=\"elementor-button-text\">Booking<\/span>\n\t\t\t\t\t<\/span>\n\t\t\t\t\t<\/a>\n\t\t\t\t<\/div>\n\t\t\t\t\t\t\t\t<\/div>\n\t\t\t\t<\/div>\n\t\t\t\t<div class=\"elementor-element elementor-element-cd35b7c elementor-align-center elementor-widget elementor-widget-button\" data-id=\"cd35b7c\" data-element_type=\"widget\" data-e-type=\"widget\" data-widget_type=\"button.default\">\n\t\t\t\t<div class=\"elementor-widget-container\">\n\t\t\t\t\t\t\t\t\t<div class=\"elementor-button-wrapper\">\n\t\t\t\t\t<a class=\"elementor-button elementor-button-link elementor-size-sm elementor-animation-pulse\" href=\"https:\/\/djkosmic.no\/index.php\/services-2\/\">\n\t\t\t\t\t\t<span class=\"elementor-button-content-wrapper\">\n\t\t\t\t\t\t\t\t\t<span class=\"elementor-button-text\">Prisoversikt<\/span>\n\t\t\t\t\t<\/span>\n\t\t\t\t\t<\/a>\n\t\t\t\t<\/div>\n\t\t\t\t\t\t\t\t<\/div>\n\t\t\t\t<\/div>\n\t\t\t\t\t<\/div>\n\t\t\t\t<\/div>\n\t\t\t\t<\/div>\n\t\t","protected":false},"excerpt":{"rendered":"<p>Firmafest Skap en uforglemmelig stemning med musikk som engasjerer \u2013 og f\u00e5 kollegaene dine ut p\u00e5 dansegulvet! Innledende planlegging Jeg presenterer musikkvalg som passer for deres event og kartlegger behovene, inkludert \u00f8nsket stemning og aldersspredning blant deltakerne. Kontakt med arrang\u00f8r (lokaler) Vi tar kontakt med lokalet der firmafesten skal holdes for \u00e5 sikre at alt [&hellip;]<\/p>\n","protected":false},"author":1,"featured_media":0,"parent":0,"menu_order":0,"comment_status":"closed","ping_status":"closed","template":"elementor_header_footer","meta":{"slim_seo":{"title":"Firmafest - DJ Kosmic","description":"Firmafest Skap en uforglemmelig stemning med musikk som engasjerer \u2013 og f\u00e5 kollegaene dine ut p\u00e5 dansegulvet! Innledende planlegging Jeg presenterer musikkvalg"},"footnotes":""},"class_list":["post-212","page","type-page","status-publish","hentry"],"_links":{"self":[{"href":"https:\/\/djkosmic.no\/index.php\/wp-json\/wp\/v2\/pages\/212","targetHints":{"allow":["GET"]}}],"collection":[{"href":"https:\/\/djkosmic.no\/index.php\/wp-json\/wp\/v2\/pages"}],"about":[{"href":"https:\/\/djkosmic.no\/index.php\/wp-json\/wp\/v2\/types\/page"}],"author":[{"embeddable":true,"href":"https:\/\/djkosmic.no\/index.php\/wp-json\/wp\/v2\/users\/1"}],"replies":[{"embeddable":true,"href":"https:\/\/djkosmic.no\/index.php\/wp-json\/wp\/v2\/comments?post=212"}],"version-history":[{"count":30,"href":"https:\/\/djkosmic.no\/index.php\/wp-json\/wp\/v2\/pages\/212\/revisions"}],"predecessor-version":[{"id":601,"href":"https:\/\/djkosmic.no\/index.php\/wp-json\/wp\/v2\/pages\/212\/revisions\/601"}],"wp:attachment":[{"href":"https:\/\/djkosmic.no\/index.php\/wp-json\/wp\/v2\/media?parent=212"}],"curies":[{"name":"wp","href":"https:\/\/api.w.org\/{rel}","templated":true}]}}