{"id":11,"date":"2024-10-23T20:50:00","date_gmt":"2024-10-23T20:50:00","guid":{"rendered":"https:\/\/djkosmic.no\/index.php\/artist\/"},"modified":"2024-10-25T16:50:58","modified_gmt":"2024-10-25T16:50:58","slug":"artist","status":"publish","type":"page","link":"https:\/\/djkosmic.no\/index.php\/artist\/","title":{"rendered":"Min DJ filosofi"},"content":{"rendered":"\t\t<div data-elementor-type=\"wp-page\" data-elementor-id=\"11\" class=\"elementor elementor-11\" data-elementor-post-type=\"page\">\n\t\t\t\t\t\t<section class=\"elementor-section elementor-top-section elementor-element elementor-element-7ad9dcf6 elementor-section-boxed elementor-section-height-default elementor-section-height-default\" data-id=\"7ad9dcf6\" data-element_type=\"section\" data-e-type=\"section\" data-settings=\"{&quot;background_background&quot;:&quot;classic&quot;}\">\n\t\t\t\t\t\t\t<div class=\"elementor-background-overlay\"><\/div>\n\t\t\t\t\t\t\t<div class=\"elementor-container elementor-column-gap-default\">\n\t\t\t\t\t<div class=\"elementor-column elementor-col-100 elementor-top-column elementor-element elementor-element-7bace009\" data-id=\"7bace009\" data-element_type=\"column\" data-e-type=\"column\">\n\t\t\t<div class=\"elementor-widget-wrap elementor-element-populated\">\n\t\t\t\t\t\t<div class=\"elementor-element elementor-element-4e670d1d elementor-widget elementor-widget-heading\" data-id=\"4e670d1d\" data-element_type=\"widget\" data-e-type=\"widget\" data-widget_type=\"heading.default\">\n\t\t\t\t<div class=\"elementor-widget-container\">\n\t\t\t\t\t<h2 class=\"elementor-heading-title elementor-size-default\">Dj Kosmic<\/h2>\t\t\t\t<\/div>\n\t\t\t\t<\/div>\n\t\t\t\t<div class=\"elementor-element elementor-element-348d701d elementor-widget elementor-widget-heading\" data-id=\"348d701d\" data-element_type=\"widget\" data-e-type=\"widget\" data-widget_type=\"heading.default\">\n\t\t\t\t<div class=\"elementor-widget-container\">\n\t\t\t\t\t<div class=\"elementor-heading-title elementor-size-default\">God musikk, godt selskap og gode minner \u2013 det er det du f\u00e5r n\u00e5r du leier en DJ fra oss<\/div>\t\t\t\t<\/div>\n\t\t\t\t<\/div>\n\t\t\t\t\t<\/div>\n\t\t<\/div>\n\t\t\t\t\t<\/div>\n\t\t<\/section>\n\t\t\t\t<section class=\"elementor-section elementor-top-section elementor-element elementor-element-27d12ae5 elementor-section-boxed elementor-section-height-default elementor-section-height-default\" data-id=\"27d12ae5\" data-element_type=\"section\" data-e-type=\"section\">\n\t\t\t\t\t\t<div class=\"elementor-container elementor-column-gap-default\">\n\t\t\t\t\t<div class=\"elementor-column elementor-col-50 elementor-top-column elementor-element elementor-element-23c089b1\" data-id=\"23c089b1\" data-element_type=\"column\" data-e-type=\"column\">\n\t\t\t<div class=\"elementor-widget-wrap elementor-element-populated\">\n\t\t\t\t\t\t<div class=\"elementor-element elementor-element-4d6d30d2 elementor-widget elementor-widget-heading\" data-id=\"4d6d30d2\" data-element_type=\"widget\" data-e-type=\"widget\" data-widget_type=\"heading.default\">\n\t\t\t\t<div class=\"elementor-widget-container\">\n\t\t\t\t\t<h2 class=\"elementor-heading-title elementor-size-default\">Filosofi \ud83d\ude42 <\/h2>\t\t\t\t<\/div>\n\t\t\t\t<\/div>\n\t\t\t\t<div class=\"elementor-element elementor-element-757461cd elementor-widget elementor-widget-heading\" data-id=\"757461cd\" data-element_type=\"widget\" data-e-type=\"widget\" data-widget_type=\"heading.default\">\n\t\t\t\t<div class=\"elementor-widget-container\">\n\t\t\t\t\t<h2 class=\"elementor-heading-title elementor-size-default\">Musikk skaper \u00f8yeblikk som varer livet ut<\/h2>\t\t\t\t<\/div>\n\t\t\t\t<\/div>\n\t\t\t\t\t<\/div>\n\t\t<\/div>\n\t\t\t\t<div class=\"elementor-column elementor-col-50 elementor-top-column elementor-element elementor-element-718be35a\" data-id=\"718be35a\" data-element_type=\"column\" data-e-type=\"column\">\n\t\t\t<div class=\"elementor-widget-wrap elementor-element-populated\">\n\t\t\t\t\t\t<div class=\"elementor-element elementor-element-696790cb elementor-widget elementor-widget-text-editor\" data-id=\"696790cb\" data-element_type=\"widget\" data-e-type=\"widget\" data-widget_type=\"text-editor.default\">\n\t\t\t\t<div class=\"elementor-widget-container\">\n\t\t\t\t\t\t\t\t\t<p class=\"p1\">Musikk er mer enn bare lyd; det er en kraft som former opplevelser og skaper \u00f8yeblikk. Som DJ handler min rolle om \u00e5 forst\u00e5 hvordan musikken p\u00e5virker mennesker, hvordan den kan forvandle stemningen i et rom og bringe folk sammen. Fra de rolige tonene som setter grunnlaget, til de energiske rytmene som fyller dansegulvet, er min filosofi alltid den samme: det handler om \u00e5 skape den perfekte atmosf\u00e6ren for dine gjester, der musikken blir en reise som alle kan ta del i<\/p>\t\t\t\t\t\t\t\t<\/div>\n\t\t\t\t<\/div>\n\t\t\t\t<div class=\"elementor-element elementor-element-47d10d61 elementor-widget__width-initial elementor-widget elementor-widget-icon-box\" data-id=\"47d10d61\" data-element_type=\"widget\" data-e-type=\"widget\" data-widget_type=\"icon-box.default\">\n\t\t\t\t<div class=\"elementor-widget-container\">\n\t\t\t\t\t\t\t<div class=\"elementor-icon-box-wrapper\">\n\n\t\t\t\n\t\t\t\t\t\t<div class=\"elementor-icon-box-content\">\n\n\t\t\t\t\t\t\t\t\t<div class=\"elementor-icon-box-title\">\n\t\t\t\t\t\t<span  >\n\t\t\t\t\t\t\tTa kontakt\t\t\t\t\t\t<\/span>\n\t\t\t\t\t<\/div>\n\t\t\t\t\n\t\t\t\t\n\t\t\t<\/div>\n\t\t\t\n\t\t<\/div>\n\t\t\t\t\t\t<\/div>\n\t\t\t\t<\/div>\n\t\t\t\t\t<\/div>\n\t\t<\/div>\n\t\t\t\t\t<\/div>\n\t\t<\/section>\n\t\t\t\t<\/div>\n\t\t","protected":false},"excerpt":{"rendered":"<p>Dj Kosmic God musikk, godt selskap og gode minner \u2013 det er det du f\u00e5r n\u00e5r du leier en DJ fra oss Filosofi \ud83d\ude42 Musikk skaper \u00f8yeblikk som varer livet ut Musikk er mer enn bare lyd; det er en kraft som former opplevelser og skaper \u00f8yeblikk. Som DJ handler min rolle om \u00e5 forst\u00e5 [&hellip;]<\/p>\n","protected":false},"author":1,"featured_media":0,"parent":0,"menu_order":0,"comment_status":"closed","ping_status":"closed","template":"elementor_header_footer","meta":{"slim_seo":{"title":"Min DJ filosofi - DJ Kosmic","description":"Dj Kosmic God musikk, godt selskap og gode minner \u2013 det er det du f\u00e5r n\u00e5r du leier en DJ fra oss Filosofi :) Musikk skaper \u00f8yeblikk som varer livet ut Musikk er"},"footnotes":""},"class_list":["post-11","page","type-page","status-publish","hentry"],"_links":{"self":[{"href":"https:\/\/djkosmic.no\/index.php\/wp-json\/wp\/v2\/pages\/11","targetHints":{"allow":["GET"]}}],"collection":[{"href":"https:\/\/djkosmic.no\/index.php\/wp-json\/wp\/v2\/pages"}],"about":[{"href":"https:\/\/djkosmic.no\/index.php\/wp-json\/wp\/v2\/types\/page"}],"author":[{"embeddable":true,"href":"https:\/\/djkosmic.no\/index.php\/wp-json\/wp\/v2\/users\/1"}],"replies":[{"embeddable":true,"href":"https:\/\/djkosmic.no\/index.php\/wp-json\/wp\/v2\/comments?post=11"}],"version-history":[{"count":14,"href":"https:\/\/djkosmic.no\/index.php\/wp-json\/wp\/v2\/pages\/11\/revisions"}],"predecessor-version":[{"id":405,"href":"https:\/\/djkosmic.no\/index.php\/wp-json\/wp\/v2\/pages\/11\/revisions\/405"}],"wp:attachment":[{"href":"https:\/\/djkosmic.no\/index.php\/wp-json\/wp\/v2\/media?parent=11"}],"curies":[{"name":"wp","href":"https:\/\/api.w.org\/{rel}","templated":true}]}}